{"id":4639,"date":"2025-02-22T17:06:44","date_gmt":"2025-02-22T17:06:44","guid":{"rendered":"https:\/\/hamptoninnsuitesdorval.gmtpdigital.ca\/?page_id=4639"},"modified":"2025-03-02T15:46:01","modified_gmt":"2025-03-02T15:46:01","slug":"bienvenue","status":"publish","type":"page","link":"https:\/\/hamptoninnsuitesdorval.gmtpdigital.ca\/fr\/bienvenue\/","title":{"rendered":"Bienvenue"},"content":{"rendered":"\t\t<div data-elementor-type=\"wp-page\" data-elementor-id=\"4639\" class=\"elementor elementor-4639\">\n\t\t\t\t\t\t<section class=\"elementor-section elementor-top-section elementor-element elementor-element-4eedcfb elementor-section-content-middle elementor-section-boxed elementor-section-height-default elementor-section-height-default\" data-id=\"4eedcfb\" data-element_type=\"section\" data-e-type=\"section\">\n\t\t\t\t\t\t<div class=\"elementor-container elementor-column-gap-default\">\n\t\t\t\t\t<div class=\"elementor-column elementor-col-100 elementor-top-column elementor-element elementor-element-12f6aa7\" data-id=\"12f6aa7\" data-element_type=\"column\" data-e-type=\"column\" data-settings=\"{&quot;background_background&quot;:&quot;classic&quot;}\">\n\t\t\t<div class=\"elementor-widget-wrap elementor-element-populated\">\n\t\t\t\t\t\t<div class=\"elementor-element elementor-element-486d8e2 elementor-widget elementor-widget-heading\" data-id=\"486d8e2\" data-element_type=\"widget\" data-e-type=\"widget\" data-widget_type=\"heading.default\">\n\t\t\t\t<div class=\"elementor-widget-container\">\n\t\t\t\t\t<h4 class=\"elementor-heading-title elementor-size-default\">Bienvenue<\/h4>\t\t\t\t<\/div>\n\t\t\t\t<\/div>\n\t\t\t\t\t<\/div>\n\t\t<\/div>\n\t\t\t\t\t<\/div>\n\t\t<\/section>\n\t\t\t\t<section class=\"elementor-section elementor-top-section elementor-element elementor-element-2ffc69b elementor-section-boxed elementor-section-height-default elementor-section-height-default\" data-id=\"2ffc69b\" data-element_type=\"section\" data-e-type=\"section\">\n\t\t\t\t\t\t<div class=\"elementor-container elementor-column-gap-default\">\n\t\t\t\t\t<div class=\"elementor-column elementor-col-100 elementor-top-column elementor-element elementor-element-8d57fe3\" data-id=\"8d57fe3\" data-element_type=\"column\" data-e-type=\"column\">\n\t\t\t<div class=\"elementor-widget-wrap elementor-element-populated\">\n\t\t\t\t\t\t<div class=\"elementor-element elementor-element-594745f elementor-widget elementor-widget-text-editor\" data-id=\"594745f\" data-element_type=\"widget\" data-e-type=\"widget\" data-widget_type=\"text-editor.default\">\n\t\t\t\t<div class=\"elementor-widget-container\">\n\t\t\t\t\t\t\t\t\t<div class=\"t pg-1m0 pg-1x2 pg-1h3 pg-1y3 pg-1ff1 pg-1fs0 pg-1fc0 pg-1sc0 pg-1ls0 pg-1ws0\"><strong>Bienvenue au Hampton Inn &amp; Suites Dorval<\/strong><\/div><div>\u00a0<\/div><div class=\"t pg-1m0 pg-1x2 pg-1h3 pg-1y3 pg-1ff1 pg-1fs0 pg-1fc0 pg-1sc0 pg-1ls0 pg-1ws0\">Au\u00a0<span class=\"pg-1ff1\">Hampton Inn &amp; Suites Dorval<\/span>, nous sommes ravis de vous accueillir et de vous offrir une exp\u00e9rience chaleureuse et inoubliable. D\u00e8s votre arriv\u00e9e, notre \u00e9quipe d\u00e9vou\u00e9e s\u2019engage \u00e0 rendre votre s\u00e9jour aussi confortable et agr\u00e9able que possible.<\/div><div class=\"t pg-1m0 pg-1x2 pg-1h3 pg-1y8 pg-1ff2 pg-1fs0 pg-1fc0 pg-1sc0 pg-1ls0 pg-1ws0\">Nous comprenons l\u2019importance d\u2019un s\u00e9jour, que vous soyez en voyage d\u2019affaires ou de loisirs.<\/div><div>\u00a0<\/div><div class=\"t pg-1m0 pg-1x2 pg-1h3 pg-1y8 pg-1ff2 pg-1fs0 pg-1fc0 pg-1sc0 pg-1ls0 pg-1ws0\">C\u2019est pourquoi nous mettons \u00e0 votre disposition des services et des installations con\u00e7us pour r\u00e9pondre \u00e0 vos besoins :<\/div><div>\u00a0<\/div><ul><li class=\"t pg-1m0 pg-1x3 pg-1h3 pg-1yb pg-1ff3 pg-1fs1 pg-1fc0 pg-1sc0 pg-1ls0 pg-1ws0\"><span class=\"pg-1ff1 pg-1fs0\">Un accueil chaleureux<\/span>.<\/li><li class=\"t pg-1m0 pg-1x3 pg-1h3 pg-1yd pg-1ff3 pg-1fs1 pg-1fc0 pg-1sc0 pg-1ls0 pg-1ws0\"><span class=\"pg-1ff1 pg-1fs0\">Des chambres confortables<span class=\"pg-1ff2\">\u00a0\u00e9quip\u00e9es de tout le n\u00e9cessaire pour\u00a0<\/span><\/span>vous d\u00e9tendre et vous ressourcer.<\/li><li class=\"t pg-1m0 pg-1x3 pg-1h3 pg-1yf pg-1ff3 pg-1fs1 pg-1fc0 pg-1sc0 pg-1ls0 pg-1ws0\"><span class=\"pg-1ff1 pg-1fs0\">Un centre de remise en forme ultramoderne<span class=\"pg-1ff2\">, accessible 24h\/24\u00a0<\/span><\/span>pour que vous puissiez garder votre routine bien-\u00eatre.<\/li><li class=\"t pg-1m0 pg-1x3 pg-1h3 pg-1y11 pg-1ff3 pg-1fs1 pg-1fc0 pg-1sc0 pg-1ls0 pg-1ws0\"><span class=\"pg-1ff1 pg-1fs0\">Un centre d\u2019a!aires ouvert 24h\/24 et 7j\/7<span class=\"pg-1ff2\">, avec acc\u00e8s \u00e0\u00a0<\/span><\/span>l\u2019impression et au Wi-Fi gratuit.<\/li><li class=\"t pg-1m0 pg-1x3 pg-1h3 pg-1y13 pg-1ff3 pg-1fs1 pg-1fc0 pg-1sc0 pg-1ls0 pg-1ws0\"><span class=\"pg-1ff1 pg-1fs0\">U<span class=\"pg-1ff2\">n petit-d\u00e9jeuner\u00a0<\/span><\/span>savoureux et des options pour tous les go\u00fbts.<\/li><\/ul><div class=\"t pg-1m0 pg-1x2 pg-1h3 pg-1y15 pg-1ff2 pg-1fs0 pg-1fc0 pg-1sc0 pg-1ls0 pg-1ws0\">Dans cet annuaire, vous trouverez toutes les informations utiles sur notre \u00e9tablissement et nos services. Si vous avez besoin d\u2019une assistance suppl\u00e9mentaire, n\u2019h\u00e9sitez pas \u00e0 contacter notre \u00e9quipe, qui se fera un plaisir de vous aider.<\/div><div>\u00a0<\/div><div class=\"t pg-1m0 pg-1x2 pg-1h3 pg-1y19 pg-1ff2 pg-1fs0 pg-1fc0 pg-1sc0 pg-1ls0 pg-1ws0\">Merci d\u2019avoir choisi le <span class=\"pg-1ff1\">Hampton Inn &amp; Suites Dorval<\/span>. Nous esp\u00e9rons vous revoir bient\u00f4t et rendre votre prochain s\u00e9jour encore plus m\u00e9morable<\/div>\t\t\t\t\t\t\t\t<\/div>\n\t\t\t\t<\/div>\n\t\t\t\t\t<\/div>\n\t\t<\/div>\n\t\t\t\t\t<\/div>\n\t\t<\/section>\n\t\t\t\t<\/div>\n\t\t","protected":false},"excerpt":{"rendered":"<p>Bienvenue Bienvenue au Hampton Inn &amp; Suites Dorval\u00a0Au\u00a0Hampton Inn &amp; Suites Dorval, nous sommes ravis de vous accueillir et de vous offrir une exp\u00e9rience chaleureuse et inoubliable. D\u00e8s votre arriv\u00e9e, notre \u00e9quipe d\u00e9vou\u00e9e s\u2019engage \u00e0 rendre votre s\u00e9jour aussi confortable et agr\u00e9able que possible.Nous comprenons l\u2019importance d\u2019un s\u00e9jour, que vous soyez en voyage d\u2019affaires ou [&hellip;]<\/p>\n","protected":false},"author":22,"featured_media":0,"parent":0,"menu_order":0,"comment_status":"closed","ping_status":"closed","template":"","meta":{"_mi_skip_tracking":false,"site-sidebar-layout":"no-sidebar","site-content-layout":"page-builder","ast-site-content-layout":"full-width-container","site-content-style":"boxed","site-sidebar-style":"boxed","ast-global-header-display":"","ast-banner-title-visibility":"","ast-main-header-display":"","ast-hfb-above-header-display":"","ast-hfb-below-header-display":"","ast-hfb-mobile-header-display":"","site-post-title":"disabled","ast-breadcrumbs-content":"","ast-featured-img":"disabled","footer-sml-layout":"","ast-disable-related-posts":"","theme-transparent-header-meta":"default","adv-header-id-meta":"","stick-header-meta":"","header-above-stick-meta":"","header-main-stick-meta":"","header-below-stick-meta":"","astra-migrate-meta-layouts":"set","ast-page-background-enabled":"default","ast-page-background-meta":{"desktop":{"background-color":"var(--ast-global-color-4)","background-image":"","background-repeat":"repeat","background-position":"center center","background-size":"auto","background-attachment":"scroll","background-type":"","background-media":"","overlay-type":"","overlay-color":"","overlay-opacity":"","overlay-gradient":""},"tablet":{"background-color":"","background-image":"","background-repeat":"repeat","background-position":"center center","background-size":"auto","background-attachment":"scroll","background-type":"","background-media":"","overlay-type":"","overlay-color":"","overlay-opacity":"","overlay-gradient":""},"mobile":{"background-color":"","background-image":"","background-repeat":"repeat","background-position":"center center","background-size":"auto","background-attachment":"scroll","background-type":"","background-media":"","overlay-type":"","overlay-color":"","overlay-opacity":"","overlay-gradient":""}},"ast-content-background-meta":{"desktop":{"background-color":"var(--ast-global-color-5)","background-image":"","background-repeat":"repeat","background-position":"center center","background-size":"auto","background-attachment":"scroll","background-type":"","background-media":"","overlay-type":"","overlay-color":"","overlay-opacity":"","overlay-gradient":""},"tablet":{"background-color":"var(--ast-global-color-5)","background-image":"","background-repeat":"repeat","background-position":"center center","background-size":"auto","background-attachment":"scroll","background-type":"","background-media":"","overlay-type":"","overlay-color":"","overlay-opacity":"","overlay-gradient":""},"mobile":{"background-color":"var(--ast-global-color-5)","background-image":"","background-repeat":"repeat","background-position":"center center","background-size":"auto","background-attachment":"scroll","background-type":"","background-media":"","overlay-type":"","overlay-color":"","overlay-opacity":"","overlay-gradient":""}},"footnotes":""},"class_list":["post-4639","page","type-page","status-publish","hentry"],"_links":{"self":[{"href":"https:\/\/hamptoninnsuitesdorval.gmtpdigital.ca\/fr\/wp-json\/wp\/v2\/pages\/4639","targetHints":{"allow":["GET"]}}],"collection":[{"href":"https:\/\/hamptoninnsuitesdorval.gmtpdigital.ca\/fr\/wp-json\/wp\/v2\/pages"}],"about":[{"href":"https:\/\/hamptoninnsuitesdorval.gmtpdigital.ca\/fr\/wp-json\/wp\/v2\/types\/page"}],"author":[{"embeddable":true,"href":"https:\/\/hamptoninnsuitesdorval.gmtpdigital.ca\/fr\/wp-json\/wp\/v2\/users\/22"}],"replies":[{"embeddable":true,"href":"https:\/\/hamptoninnsuitesdorval.gmtpdigital.ca\/fr\/wp-json\/wp\/v2\/comments?post=4639"}],"version-history":[{"count":10,"href":"https:\/\/hamptoninnsuitesdorval.gmtpdigital.ca\/fr\/wp-json\/wp\/v2\/pages\/4639\/revisions"}],"predecessor-version":[{"id":4870,"href":"https:\/\/hamptoninnsuitesdorval.gmtpdigital.ca\/fr\/wp-json\/wp\/v2\/pages\/4639\/revisions\/4870"}],"wp:attachment":[{"href":"https:\/\/hamptoninnsuitesdorval.gmtpdigital.ca\/fr\/wp-json\/wp\/v2\/media?parent=4639"}],"curies":[{"name":"wp","href":"https:\/\/api.w.org\/{rel}","templated":true}]}}