{"id":4653,"date":"2025-02-24T20:40:14","date_gmt":"2025-02-24T20:40:14","guid":{"rendered":"https:\/\/hamptoninnsuitesdorval.gmtpdigital.ca\/?page_id=4653"},"modified":"2025-03-02T15:50:50","modified_gmt":"2025-03-02T15:50:50","slug":"numeros-de-telephone","status":"publish","type":"page","link":"https:\/\/hamptoninnsuitesdorval.gmtpdigital.ca\/fr\/numeros-de-telephone\/","title":{"rendered":"Num\u00e9ros de t\u00e9l\u00e9phone"},"content":{"rendered":"\t\t<div data-elementor-type=\"wp-page\" data-elementor-id=\"4653\" class=\"elementor elementor-4653\">\n\t\t\t\t\t\t<section class=\"elementor-section elementor-top-section elementor-element elementor-element-037789d elementor-section-content-middle elementor-section-boxed elementor-section-height-default elementor-section-height-default\" data-id=\"037789d\" data-element_type=\"section\" data-e-type=\"section\">\n\t\t\t\t\t\t<div class=\"elementor-container elementor-column-gap-default\">\n\t\t\t\t\t<div class=\"elementor-column elementor-col-100 elementor-top-column elementor-element elementor-element-3a3ec29\" data-id=\"3a3ec29\" data-element_type=\"column\" data-e-type=\"column\" data-settings=\"{&quot;background_background&quot;:&quot;classic&quot;}\">\n\t\t\t<div class=\"elementor-widget-wrap elementor-element-populated\">\n\t\t\t\t\t\t<div class=\"elementor-element elementor-element-93a4bf5 elementor-widget elementor-widget-heading\" data-id=\"93a4bf5\" data-element_type=\"widget\" data-e-type=\"widget\" data-widget_type=\"heading.default\">\n\t\t\t\t<div class=\"elementor-widget-container\">\n\t\t\t\t\t<h4 class=\"elementor-heading-title elementor-size-default\">Num\u00e9ros de t\u00e9l\u00e9phone<\/h4>\t\t\t\t<\/div>\n\t\t\t\t<\/div>\n\t\t\t\t\t<\/div>\n\t\t<\/div>\n\t\t\t\t\t<\/div>\n\t\t<\/section>\n\t\t\t\t<section class=\"elementor-section elementor-top-section elementor-element elementor-element-0578b2b elementor-section-boxed elementor-section-height-default elementor-section-height-default\" data-id=\"0578b2b\" data-element_type=\"section\" data-e-type=\"section\">\n\t\t\t\t\t\t<div class=\"elementor-container elementor-column-gap-default\">\n\t\t\t\t\t<div class=\"elementor-column elementor-col-100 elementor-top-column elementor-element elementor-element-aa4ac71\" data-id=\"aa4ac71\" data-element_type=\"column\" data-e-type=\"column\">\n\t\t\t<div class=\"elementor-widget-wrap elementor-element-populated\">\n\t\t\t\t\t\t<div class=\"elementor-element elementor-element-ced6f4c elementor-widget elementor-widget-text-editor\" data-id=\"ced6f4c\" data-element_type=\"widget\" data-e-type=\"widget\" data-widget_type=\"text-editor.default\">\n\t\t\t\t<div class=\"elementor-widget-container\">\n\t\t\t\t\t\t\t\t\t<p class=\"p1\"><strong>Service de t\u00e9l\u00e9phone<br \/><\/strong>Les appels locaux, les num\u00e9ros sans frais ainsi que les cartes d\u2019appels sont sans frais. Des frais de service sont applicables sur tout appel interurbain.<\/p><p><strong>Appels de r\u00e9veil<br \/><\/strong>Composez le 0 pour joindre la R\u00e9ception afin de placer un appel de r\u00e9veil.<\/p><p class=\"p1\"><strong>Chambre \u00e0 chambre<br \/><\/strong>Le num\u00e9ro de la chambre<\/p><p class=\"p1\"><strong>Appels locaux<br \/><\/strong>9 + indicatif r\u00e9gional + num\u00e9ro<\/p><p class=\"p1\"><strong>Appels interurbains<br \/><\/strong>9 + 1 + indicatif r\u00e9gional + num\u00e9ro<\/p><p class=\"p1\"><strong>Appels outre-mer<br \/><\/strong>9 + 011+ code de pays + indicatif de ville + num\u00e9ro<\/p><p class=\"p1\"><strong>Assistance t\u00e9l\u00e9phonique<br \/><\/strong>9 +0 + num\u00e9ro<br \/>Carte d\u2019appel, carte de cr\u00e9dit, facturation \u00e0 un troisi\u00e8me num\u00e9ro et frais vir\u00e9s.<\/p><p class=\"p1\"><strong>Canada, Etats-Unis<br \/><\/strong>9 + 0 + indicatif r\u00e9gional + num\u00e9ro<\/p><p><strong>Entretien m\u00e9nager<br \/><\/strong>Le service d\u2019entretien m\u00e9nager peut vous fournir des oreillers suppl\u00e9mentaires, ainsi que des couvertures, savons et serviettes.<br \/>Composez le 0<\/p>\t\t\t\t\t\t\t\t<\/div>\n\t\t\t\t<\/div>\n\t\t\t\t\t<\/div>\n\t\t<\/div>\n\t\t\t\t\t<\/div>\n\t\t<\/section>\n\t\t\t\t<\/div>\n\t\t","protected":false},"excerpt":{"rendered":"<p>Num\u00e9ros de t\u00e9l\u00e9phone Service de t\u00e9l\u00e9phoneLes appels locaux, les num\u00e9ros sans frais ainsi que les cartes d\u2019appels sont sans frais. Des frais de service sont applicables sur tout appel interurbain. Appels de r\u00e9veilComposez le 0 pour joindre la R\u00e9ception afin de placer un appel de r\u00e9veil. Chambre \u00e0 chambreLe num\u00e9ro de la chambre Appels locaux9 [&hellip;]<\/p>\n","protected":false},"author":22,"featured_media":0,"parent":0,"menu_order":0,"comment_status":"closed","ping_status":"closed","template":"","meta":{"_mi_skip_tracking":false,"site-sidebar-layout":"no-sidebar","site-content-layout":"page-builder","ast-site-content-layout":"full-width-container","site-content-style":"boxed","site-sidebar-style":"boxed","ast-global-header-display":"","ast-banner-title-visibility":"","ast-main-header-display":"","ast-hfb-above-header-display":"","ast-hfb-below-header-display":"","ast-hfb-mobile-header-display":"","site-post-title":"disabled","ast-breadcrumbs-content":"","ast-featured-img":"disabled","footer-sml-layout":"","ast-disable-related-posts":"","theme-transparent-header-meta":"default","adv-header-id-meta":"","stick-header-meta":"","header-above-stick-meta":"","header-main-stick-meta":"","header-below-stick-meta":"","astra-migrate-meta-layouts":"set","ast-page-background-enabled":"default","ast-page-background-meta":{"desktop":{"background-color":"var(--ast-global-color-4)","background-image":"","background-repeat":"repeat","background-position":"center center","background-size":"auto","background-attachment":"scroll","background-type":"","background-media":"","overlay-type":"","overlay-color":"","overlay-opacity":"","overlay-gradient":""},"tablet":{"background-color":"","background-image":"","background-repeat":"repeat","background-position":"center center","background-size":"auto","background-attachment":"scroll","background-type":"","background-media":"","overlay-type":"","overlay-color":"","overlay-opacity":"","overlay-gradient":""},"mobile":{"background-color":"","background-image":"","background-repeat":"repeat","background-position":"center center","background-size":"auto","background-attachment":"scroll","background-type":"","background-media":"","overlay-type":"","overlay-color":"","overlay-opacity":"","overlay-gradient":""}},"ast-content-background-meta":{"desktop":{"background-color":"var(--ast-global-color-5)","background-image":"","background-repeat":"repeat","background-position":"center center","background-size":"auto","background-attachment":"scroll","background-type":"","background-media":"","overlay-type":"","overlay-color":"","overlay-opacity":"","overlay-gradient":""},"tablet":{"background-color":"var(--ast-global-color-5)","background-image":"","background-repeat":"repeat","background-position":"center center","background-size":"auto","background-attachment":"scroll","background-type":"","background-media":"","overlay-type":"","overlay-color":"","overlay-opacity":"","overlay-gradient":""},"mobile":{"background-color":"var(--ast-global-color-5)","background-image":"","background-repeat":"repeat","background-position":"center center","background-size":"auto","background-attachment":"scroll","background-type":"","background-media":"","overlay-type":"","overlay-color":"","overlay-opacity":"","overlay-gradient":""}},"footnotes":""},"class_list":["post-4653","page","type-page","status-publish","hentry"],"_links":{"self":[{"href":"https:\/\/hamptoninnsuitesdorval.gmtpdigital.ca\/fr\/wp-json\/wp\/v2\/pages\/4653","targetHints":{"allow":["GET"]}}],"collection":[{"href":"https:\/\/hamptoninnsuitesdorval.gmtpdigital.ca\/fr\/wp-json\/wp\/v2\/pages"}],"about":[{"href":"https:\/\/hamptoninnsuitesdorval.gmtpdigital.ca\/fr\/wp-json\/wp\/v2\/types\/page"}],"author":[{"embeddable":true,"href":"https:\/\/hamptoninnsuitesdorval.gmtpdigital.ca\/fr\/wp-json\/wp\/v2\/users\/22"}],"replies":[{"embeddable":true,"href":"https:\/\/hamptoninnsuitesdorval.gmtpdigital.ca\/fr\/wp-json\/wp\/v2\/comments?post=4653"}],"version-history":[{"count":14,"href":"https:\/\/hamptoninnsuitesdorval.gmtpdigital.ca\/fr\/wp-json\/wp\/v2\/pages\/4653\/revisions"}],"predecessor-version":[{"id":4873,"href":"https:\/\/hamptoninnsuitesdorval.gmtpdigital.ca\/fr\/wp-json\/wp\/v2\/pages\/4653\/revisions\/4873"}],"wp:attachment":[{"href":"https:\/\/hamptoninnsuitesdorval.gmtpdigital.ca\/fr\/wp-json\/wp\/v2\/media?parent=4653"}],"curies":[{"name":"wp","href":"https:\/\/api.w.org\/{rel}","templated":true}]}}