{"id":4660,"date":"2025-02-24T20:49:43","date_gmt":"2025-02-24T20:49:43","guid":{"rendered":"https:\/\/hamptoninnsuitesdorval.gmtpdigital.ca\/?page_id=4660"},"modified":"2025-03-02T16:00:04","modified_gmt":"2025-03-02T16:00:04","slug":"services-hoteliers","status":"publish","type":"page","link":"https:\/\/hamptoninnsuitesdorval.gmtpdigital.ca\/fr\/services-hoteliers\/","title":{"rendered":"Services h\u00f4teliers"},"content":{"rendered":"\t\t<div data-elementor-type=\"wp-page\" data-elementor-id=\"4660\" class=\"elementor elementor-4660\">\n\t\t\t\t\t\t<section class=\"elementor-section elementor-top-section elementor-element elementor-element-6291c87 elementor-section-content-middle elementor-section-boxed elementor-section-height-default elementor-section-height-default\" data-id=\"6291c87\" data-element_type=\"section\" data-e-type=\"section\">\n\t\t\t\t\t\t<div class=\"elementor-container elementor-column-gap-default\">\n\t\t\t\t\t<div class=\"elementor-column elementor-col-100 elementor-top-column elementor-element elementor-element-7b7a3ed\" data-id=\"7b7a3ed\" data-element_type=\"column\" data-e-type=\"column\" data-settings=\"{&quot;background_background&quot;:&quot;classic&quot;}\">\n\t\t\t<div class=\"elementor-widget-wrap elementor-element-populated\">\n\t\t\t\t\t\t<div class=\"elementor-element elementor-element-ab64bb6 elementor-widget elementor-widget-heading\" data-id=\"ab64bb6\" data-element_type=\"widget\" data-e-type=\"widget\" data-widget_type=\"heading.default\">\n\t\t\t\t<div class=\"elementor-widget-container\">\n\t\t\t\t\t<h4 class=\"elementor-heading-title elementor-size-default\">Services h\u00f4teliers<\/h4>\t\t\t\t<\/div>\n\t\t\t\t<\/div>\n\t\t\t\t\t<\/div>\n\t\t<\/div>\n\t\t\t\t\t<\/div>\n\t\t<\/section>\n\t\t\t\t<section class=\"elementor-section elementor-top-section elementor-element elementor-element-693ef11 elementor-section-boxed elementor-section-height-default elementor-section-height-default\" data-id=\"693ef11\" data-element_type=\"section\" data-e-type=\"section\">\n\t\t\t\t\t\t<div class=\"elementor-container elementor-column-gap-default\">\n\t\t\t\t\t<div class=\"elementor-column elementor-col-100 elementor-top-column elementor-element elementor-element-0c9fe05\" data-id=\"0c9fe05\" data-element_type=\"column\" data-e-type=\"column\">\n\t\t\t<div class=\"elementor-widget-wrap elementor-element-populated\">\n\t\t\t\t\t\t<div class=\"elementor-element elementor-element-2d19c29 elementor-widget elementor-widget-text-editor\" data-id=\"2d19c29\" data-element_type=\"widget\" data-e-type=\"widget\" data-widget_type=\"text-editor.default\">\n\t\t\t\t<div class=\"elementor-widget-container\">\n\t\t\t\t\t\t\t\t\t<p><strong>Enregistrement<br \/><\/strong>L\u2019enregistrement se fait \u00e0 15h journellement. Par contre, si une chambre est disponible avant cette heure nous serons heureux de vous accommoder.<\/p><p><strong>D\u00e9part<br \/><\/strong>La chambre doit \u00eatre lib\u00e9r\u00e9e d\u2019ici 11h. Si vous d\u00e9sirez prolonger votre s\u00e9jour de quelques heures, veuillez consulter la r\u00e9ception.<\/p><p><strong>Cartes de cr\u00e9dit<br \/><\/strong>Nous acceptons les cartes Visa, Mastercard, Amex, Diners, Discover et Carte Blanche\/EnRoute<\/p><p><strong>Devises \u00e9trang\u00e8res<br \/><\/strong>Notre personnel \u00e0 la r\u00e9ception se fera un plaisir de changer vos devises am\u00e9ricaines.<br \/>De plus, des services bancaires sont \u00e0 proximit\u00e9 de l\u2019h\u00f4tel pour vous aider.<\/p><p><strong>Blanchisserie<br \/><\/strong>Tous les articles remis au service de blanchisserie avant 8h45 seront retourn\u00e9s la journ\u00e9e m\u00eame. Veuillez compl\u00e9ter la liste pr\u00e9vue \u00e0 cet effet et la joindre \u00e0 votre sac de blanchissage.<\/p><p><strong>T\u00e9l\u00e9copieur<br \/><\/strong>Notre num\u00e9ro de t\u00e9l\u00e9copieur est le 514-633-5985.<br \/>Demandez \u00e0 la R\u00e9ception pour envoyer ou recevoir une t\u00e9l\u00e9copie.<\/p><p><strong>Banquets<\/strong><br \/>Sept salles sont disponibles au rez-de-chauss\u00e9e pour vos r\u00e9unions ou banquets.<br \/>Composez le 0<\/p><p><strong>Am\u00e9nagements pour handicap\u00e9s<br \/><\/strong>Cet h\u00f4tel poss\u00e8de 7 chambres destin\u00e9es aux personnes handicap\u00e9es, sans frais suppl\u00e9mentaires. Ces chambres sont disponibles sous le principe du premier arriv\u00e9, premier servi. Informez-vous \u00e0 la R\u00e9ception.<\/p><p><strong>Entretien m\u00e9nager<br \/><\/strong>Le service d\u2019entretien m\u00e9nager peut vous fournir des oreillers suppl\u00e9mentaires, ainsi que des couvertures, savons et serviettes.<br \/>Composez le 0<\/p><p class=\"p1\"><strong>Journaux<br \/><\/strong>Des journaux sont disponibles gratuitement au rez-de-chauss\u00e9e.<\/p><p class=\"p1\"><strong>Machines \u00e0 glace<br \/><\/strong>Il y a une machine \u00e0 glace situ\u00e9e sur chaque \u00e9tage.<\/p><p class=\"p1\"><strong>Machines distributrices<br \/><\/strong>Vous trouverez une machine distributrice \u00e0 boissons gazeuses sur chaque \u00e9tage.<\/p><p class=\"p1\"><strong>Objets perdus<br \/><\/strong>Les objets trouv\u00e9s sont gard\u00e9s au d\u00e9partement de l\u2019entretien m\u00e9nager pour une p\u00e9riode de 30 jours.<br \/>Composez le 0<\/p><p class=\"p1\"><strong>Petits lits et lits pliants<br \/><\/strong>Les lits pliants sont disponibles pour la somme de 10$. Les lits de b\u00e9b\u00e9 sont disponibles gratuitement.<\/p><p class=\"p1\"><strong>Piscine (int\u00e9rieure)<br \/><\/strong>Notre piscine int\u00e9rieure est ouverte de 9h \u00e0 22h. Des serviettes de bain sont disponibles \u00e0 la piscine. Les enfants doivent \u00eatre supervis\u00e9s par un adulte. Votre cl\u00e9 de chambre vous donne acc\u00e8s \u00e0 la piscine.<\/p>\t\t\t\t\t\t\t\t<\/div>\n\t\t\t\t<\/div>\n\t\t\t\t\t<\/div>\n\t\t<\/div>\n\t\t\t\t\t<\/div>\n\t\t<\/section>\n\t\t\t\t<\/div>\n\t\t","protected":false},"excerpt":{"rendered":"<p>Services h\u00f4teliers EnregistrementL\u2019enregistrement se fait \u00e0 15h journellement. Par contre, si une chambre est disponible avant cette heure nous serons heureux de vous accommoder. D\u00e9partLa chambre doit \u00eatre lib\u00e9r\u00e9e d\u2019ici 11h. Si vous d\u00e9sirez prolonger votre s\u00e9jour de quelques heures, veuillez consulter la r\u00e9ception. Cartes de cr\u00e9ditNous acceptons les cartes Visa, Mastercard, Amex, Diners, Discover [&hellip;]<\/p>\n","protected":false},"author":22,"featured_media":0,"parent":0,"menu_order":0,"comment_status":"closed","ping_status":"closed","template":"","meta":{"_mi_skip_tracking":false,"site-sidebar-layout":"no-sidebar","site-content-layout":"page-builder","ast-site-content-layout":"full-width-container","site-content-style":"boxed","site-sidebar-style":"boxed","ast-global-header-display":"","ast-banner-title-visibility":"","ast-main-header-display":"","ast-hfb-above-header-display":"","ast-hfb-below-header-display":"","ast-hfb-mobile-header-display":"","site-post-title":"disabled","ast-breadcrumbs-content":"","ast-featured-img":"disabled","footer-sml-layout":"","ast-disable-related-posts":"","theme-transparent-header-meta":"default","adv-header-id-meta":"","stick-header-meta":"","header-above-stick-meta":"","header-main-stick-meta":"","header-below-stick-meta":"","astra-migrate-meta-layouts":"set","ast-page-background-enabled":"default","ast-page-background-meta":{"desktop":{"background-color":"var(--ast-global-color-4)","background-image":"","background-repeat":"repeat","background-position":"center center","background-size":"auto","background-attachment":"scroll","background-type":"","background-media":"","overlay-type":"","overlay-color":"","overlay-opacity":"","overlay-gradient":""},"tablet":{"background-color":"","background-image":"","background-repeat":"repeat","background-position":"center center","background-size":"auto","background-attachment":"scroll","background-type":"","background-media":"","overlay-type":"","overlay-color":"","overlay-opacity":"","overlay-gradient":""},"mobile":{"background-color":"","background-image":"","background-repeat":"repeat","background-position":"center center","background-size":"auto","background-attachment":"scroll","background-type":"","background-media":"","overlay-type":"","overlay-color":"","overlay-opacity":"","overlay-gradient":""}},"ast-content-background-meta":{"desktop":{"background-color":"var(--ast-global-color-5)","background-image":"","background-repeat":"repeat","background-position":"center center","background-size":"auto","background-attachment":"scroll","background-type":"","background-media":"","overlay-type":"","overlay-color":"","overlay-opacity":"","overlay-gradient":""},"tablet":{"background-color":"var(--ast-global-color-5)","background-image":"","background-repeat":"repeat","background-position":"center center","background-size":"auto","background-attachment":"scroll","background-type":"","background-media":"","overlay-type":"","overlay-color":"","overlay-opacity":"","overlay-gradient":""},"mobile":{"background-color":"var(--ast-global-color-5)","background-image":"","background-repeat":"repeat","background-position":"center center","background-size":"auto","background-attachment":"scroll","background-type":"","background-media":"","overlay-type":"","overlay-color":"","overlay-opacity":"","overlay-gradient":""}},"footnotes":""},"class_list":["post-4660","page","type-page","status-publish","hentry"],"_links":{"self":[{"href":"https:\/\/hamptoninnsuitesdorval.gmtpdigital.ca\/fr\/wp-json\/wp\/v2\/pages\/4660","targetHints":{"allow":["GET"]}}],"collection":[{"href":"https:\/\/hamptoninnsuitesdorval.gmtpdigital.ca\/fr\/wp-json\/wp\/v2\/pages"}],"about":[{"href":"https:\/\/hamptoninnsuitesdorval.gmtpdigital.ca\/fr\/wp-json\/wp\/v2\/types\/page"}],"author":[{"embeddable":true,"href":"https:\/\/hamptoninnsuitesdorval.gmtpdigital.ca\/fr\/wp-json\/wp\/v2\/users\/22"}],"replies":[{"embeddable":true,"href":"https:\/\/hamptoninnsuitesdorval.gmtpdigital.ca\/fr\/wp-json\/wp\/v2\/comments?post=4660"}],"version-history":[{"count":7,"href":"https:\/\/hamptoninnsuitesdorval.gmtpdigital.ca\/fr\/wp-json\/wp\/v2\/pages\/4660\/revisions"}],"predecessor-version":[{"id":4876,"href":"https:\/\/hamptoninnsuitesdorval.gmtpdigital.ca\/fr\/wp-json\/wp\/v2\/pages\/4660\/revisions\/4876"}],"wp:attachment":[{"href":"https:\/\/hamptoninnsuitesdorval.gmtpdigital.ca\/fr\/wp-json\/wp\/v2\/media?parent=4660"}],"curies":[{"name":"wp","href":"https:\/\/api.w.org\/{rel}","templated":true}]}}