{"id":4699,"date":"2025-02-24T21:13:31","date_gmt":"2025-02-24T21:13:31","guid":{"rendered":"https:\/\/hamptoninnsuitesdorval.gmtpdigital.ca\/?page_id=4699"},"modified":"2025-03-02T16:04:45","modified_gmt":"2025-03-02T16:04:45","slug":"connecter","status":"publish","type":"page","link":"https:\/\/hamptoninnsuitesdorval.gmtpdigital.ca\/fr\/connecter\/","title":{"rendered":"Connecter"},"content":{"rendered":"\t\t<div data-elementor-type=\"wp-page\" data-elementor-id=\"4699\" class=\"elementor elementor-4699\">\n\t\t\t\t\t\t<section class=\"elementor-section elementor-top-section elementor-element elementor-element-784d869 elementor-section-content-middle elementor-section-boxed elementor-section-height-default elementor-section-height-default\" data-id=\"784d869\" data-element_type=\"section\" data-e-type=\"section\">\n\t\t\t\t\t\t<div class=\"elementor-container elementor-column-gap-default\">\n\t\t\t\t\t<div class=\"elementor-column elementor-col-100 elementor-top-column elementor-element elementor-element-ace8f1b\" data-id=\"ace8f1b\" data-element_type=\"column\" data-e-type=\"column\" data-settings=\"{&quot;background_background&quot;:&quot;classic&quot;}\">\n\t\t\t<div class=\"elementor-widget-wrap elementor-element-populated\">\n\t\t\t\t\t\t<div class=\"elementor-element elementor-element-56c1090 elementor-widget elementor-widget-heading\" data-id=\"56c1090\" data-element_type=\"widget\" data-e-type=\"widget\" data-widget_type=\"heading.default\">\n\t\t\t\t<div class=\"elementor-widget-container\">\n\t\t\t\t\t<h4 class=\"elementor-heading-title elementor-size-default\">Connecter<\/h4>\t\t\t\t<\/div>\n\t\t\t\t<\/div>\n\t\t\t\t\t<\/div>\n\t\t<\/div>\n\t\t\t\t\t<\/div>\n\t\t<\/section>\n\t\t\t\t<section class=\"elementor-section elementor-top-section elementor-element elementor-element-5944de3 elementor-section-boxed elementor-section-height-default elementor-section-height-default\" data-id=\"5944de3\" data-element_type=\"section\" data-e-type=\"section\">\n\t\t\t\t\t\t<div class=\"elementor-container elementor-column-gap-default\">\n\t\t\t\t\t<div class=\"elementor-column elementor-col-100 elementor-top-column elementor-element elementor-element-07c74e9\" data-id=\"07c74e9\" data-element_type=\"column\" data-e-type=\"column\">\n\t\t\t<div class=\"elementor-widget-wrap elementor-element-populated\">\n\t\t\t\t\t\t<div class=\"elementor-element elementor-element-215c6ef elementor-widget elementor-widget-text-editor\" data-id=\"215c6ef\" data-element_type=\"widget\" data-e-type=\"widget\" data-widget_type=\"text-editor.default\">\n\t\t\t\t<div class=\"elementor-widget-container\">\n\t\t\t\t\t\t\t\t\t<p class=\"p1\">Les chambres de cet h\u00f4tel sont \u00e9quip\u00e9es d\u2019un acc\u00e8s internet sans fil (Wi-Fi) haute vitesse. Le Wi-Fi est \u00e9galement disponible dans les parties communes de l\u2019h\u00f4tel. Pour utiliser le service, il suffit d\u2019ouvrir votre Wi-fi sur votre appareil compatible et de vous connectez soit \u00e0 la \u00abattwifi\u00bb ou \u00abHHonors \u2018SSID, ouvrez votre navigateur Internet (Internet Explorer, Firefox, Safari), puis suivre le panneau d\u2019instructions. Une fois la connexion \u00e0 Internet \u00e9tablie, vous pouvez proc\u00e9der \u00e0 vos activit\u00e9s souhait\u00e9es.<\/p><p class=\"p1\"><strong>Acc\u00e8s filiaire:<br \/><\/strong>Pour utiliser ce service, commencez avec votre ordinateur \u00e9teint. Connectez le c\u00e2ble d\u2019Internet haute vitesse (Ethernet) de la chambre dans le port Ethernet de votre ordinateur portable. Allumez votre ordinateur, ouvrez votre navigateur Internet (Internet Explorer, Firefox, Safari), puis suivez les instructions. Une fois la connexion \u00e0 Internet \u00e9tablie, vous pouvez proc\u00e9der \u00e0 vos activit\u00e9s souhait\u00e9es.<\/p><p class=\"p1\"><strong>D\u00e9pannage des probl\u00e8mes courants:<br \/><\/strong>Vous \u00eates invit\u00e9s \u00e0 communiquer avec le service \u00e0 la client\u00e8le StayConnected \u00e0 tout moment, cependant des informations sont offertes pour votre agr\u00e9ment:<\/p><p class=\"p1\">\u2018\u2019La page ne peut \u00eatre affich\u00e9e\u2019\u2019 \u2013 Si vous ouvrez votre navigateur et recevez ce message d\u2019erreur, cela peut \u00eatre votre page Web par d\u00e9faut qui ne peut \u00eatre affich\u00e9e. V\u00e9rifiez votre connection Internet en tapant un site Internet valide, comme www.msn.com ou www.yahoo.com dans votre barre d\u2019adresse. Si vous ne pouvez toujours pas vous connecter, veuillez contacter StayConnected Customer Care.<\/p><p class=\"p1\"><strong>\u2018\u2019Proxy HTTP Erreur\u2019\u2019<\/strong><br \/>\u2013 Si vous ouvrez votre navigateur et recevez ce message d\u2019erreur, d\u00e9cochez les param\u00e8tres de Proxy de votre navigateur. V\u00e9rifiez les Outils, les options Internet, les connexions et les param\u00e8tres r\u00e9seau.<\/p><p class=\"p1\">Si vous utilisez une connexion filaire, le c\u00e2ble Ethernet branch\u00e9 sur votre PC peut se connecter \u00e0 un modem (sur le bureau ou branch\u00e9 sur un mur \u00e0 proximit\u00e9). Si vous voyez le modem et que facilement vous pouvez l\u2019examiner, v\u00e9rifiez que les lumi\u00e8res sont allum\u00e9es et que l\u2019appareil est branch\u00e9 sur une prise \u00e9lectrique. La ligne t\u00e9l\u00e9phonique doit \u00eatre reli\u00e9e \u00e0 l\u2019extr\u00e9mit\u00e9 sur le port DSL sur la fin de modem. V\u00e9rifiez que tous les c\u00e2bles sont connect\u00e9s, \u00e0 savoir la puissance et Ethernet.<\/p><p class=\"p1\">Pour assistance 24 heures pour l\u2019acc\u00e8s Internet haute-vitesse, appeler StayConnected Customer Care: 877.474.2411 (il n\u2019y aura pas de frais pour l\u2019appel.)<\/p><p>\u00a0<\/p>\t\t\t\t\t\t\t\t<\/div>\n\t\t\t\t<\/div>\n\t\t\t\t\t<\/div>\n\t\t<\/div>\n\t\t\t\t\t<\/div>\n\t\t<\/section>\n\t\t\t\t<\/div>\n\t\t","protected":false},"excerpt":{"rendered":"<p>Connecter Les chambres de cet h\u00f4tel sont \u00e9quip\u00e9es d\u2019un acc\u00e8s internet sans fil (Wi-Fi) haute vitesse. Le Wi-Fi est \u00e9galement disponible dans les parties communes de l\u2019h\u00f4tel. Pour utiliser le service, il suffit d\u2019ouvrir votre Wi-fi sur votre appareil compatible et de vous connectez soit \u00e0 la \u00abattwifi\u00bb ou \u00abHHonors \u2018SSID, ouvrez votre navigateur Internet [&hellip;]<\/p>\n","protected":false},"author":22,"featured_media":0,"parent":0,"menu_order":0,"comment_status":"closed","ping_status":"closed","template":"","meta":{"_mi_skip_tracking":false,"site-sidebar-layout":"no-sidebar","site-content-layout":"page-builder","ast-site-content-layout":"full-width-container","site-content-style":"boxed","site-sidebar-style":"boxed","ast-global-header-display":"","ast-banner-title-visibility":"","ast-main-header-display":"","ast-hfb-above-header-display":"","ast-hfb-below-header-display":"","ast-hfb-mobile-header-display":"","site-post-title":"disabled","ast-breadcrumbs-content":"","ast-featured-img":"disabled","footer-sml-layout":"","ast-disable-related-posts":"","theme-transparent-header-meta":"default","adv-header-id-meta":"","stick-header-meta":"","header-above-stick-meta":"","header-main-stick-meta":"","header-below-stick-meta":"","astra-migrate-meta-layouts":"set","ast-page-background-enabled":"default","ast-page-background-meta":{"desktop":{"background-color":"var(--ast-global-color-4)","background-image":"","background-repeat":"repeat","background-position":"center center","background-size":"auto","background-attachment":"scroll","background-type":"","background-media":"","overlay-type":"","overlay-color":"","overlay-opacity":"","overlay-gradient":""},"tablet":{"background-color":"","background-image":"","background-repeat":"repeat","background-position":"center center","background-size":"auto","background-attachment":"scroll","background-type":"","background-media":"","overlay-type":"","overlay-color":"","overlay-opacity":"","overlay-gradient":""},"mobile":{"background-color":"","background-image":"","background-repeat":"repeat","background-position":"center center","background-size":"auto","background-attachment":"scroll","background-type":"","background-media":"","overlay-type":"","overlay-color":"","overlay-opacity":"","overlay-gradient":""}},"ast-content-background-meta":{"desktop":{"background-color":"var(--ast-global-color-5)","background-image":"","background-repeat":"repeat","background-position":"center center","background-size":"auto","background-attachment":"scroll","background-type":"","background-media":"","overlay-type":"","overlay-color":"","overlay-opacity":"","overlay-gradient":""},"tablet":{"background-color":"var(--ast-global-color-5)","background-image":"","background-repeat":"repeat","background-position":"center center","background-size":"auto","background-attachment":"scroll","background-type":"","background-media":"","overlay-type":"","overlay-color":"","overlay-opacity":"","overlay-gradient":""},"mobile":{"background-color":"var(--ast-global-color-5)","background-image":"","background-repeat":"repeat","background-position":"center center","background-size":"auto","background-attachment":"scroll","background-type":"","background-media":"","overlay-type":"","overlay-color":"","overlay-opacity":"","overlay-gradient":""}},"footnotes":""},"class_list":["post-4699","page","type-page","status-publish","hentry"],"_links":{"self":[{"href":"https:\/\/hamptoninnsuitesdorval.gmtpdigital.ca\/fr\/wp-json\/wp\/v2\/pages\/4699","targetHints":{"allow":["GET"]}}],"collection":[{"href":"https:\/\/hamptoninnsuitesdorval.gmtpdigital.ca\/fr\/wp-json\/wp\/v2\/pages"}],"about":[{"href":"https:\/\/hamptoninnsuitesdorval.gmtpdigital.ca\/fr\/wp-json\/wp\/v2\/types\/page"}],"author":[{"embeddable":true,"href":"https:\/\/hamptoninnsuitesdorval.gmtpdigital.ca\/fr\/wp-json\/wp\/v2\/users\/22"}],"replies":[{"embeddable":true,"href":"https:\/\/hamptoninnsuitesdorval.gmtpdigital.ca\/fr\/wp-json\/wp\/v2\/comments?post=4699"}],"version-history":[{"count":7,"href":"https:\/\/hamptoninnsuitesdorval.gmtpdigital.ca\/fr\/wp-json\/wp\/v2\/pages\/4699\/revisions"}],"predecessor-version":[{"id":4882,"href":"https:\/\/hamptoninnsuitesdorval.gmtpdigital.ca\/fr\/wp-json\/wp\/v2\/pages\/4699\/revisions\/4882"}],"wp:attachment":[{"href":"https:\/\/hamptoninnsuitesdorval.gmtpdigital.ca\/fr\/wp-json\/wp\/v2\/media?parent=4699"}],"curies":[{"name":"wp","href":"https:\/\/api.w.org\/{rel}","templated":true}]}}