{"id":4736,"date":"2025-02-24T21:44:51","date_gmt":"2025-02-24T21:44:51","guid":{"rendered":"https:\/\/hamptoninnsuitesdorval.gmtpdigital.ca\/?page_id=4736"},"modified":"2025-03-02T16:19:10","modified_gmt":"2025-03-02T16:19:10","slug":"menage","status":"publish","type":"page","link":"https:\/\/hamptoninnsuitesdorval.gmtpdigital.ca\/fr\/menage\/","title":{"rendered":"M\u00e9nage"},"content":{"rendered":"\t\t<div data-elementor-type=\"wp-page\" data-elementor-id=\"4736\" class=\"elementor elementor-4736\">\n\t\t\t\t\t\t<section class=\"elementor-section elementor-top-section elementor-element elementor-element-006ec1f elementor-section-content-middle elementor-section-boxed elementor-section-height-default elementor-section-height-default\" data-id=\"006ec1f\" data-element_type=\"section\" data-e-type=\"section\">\n\t\t\t\t\t\t<div class=\"elementor-container elementor-column-gap-default\">\n\t\t\t\t\t<div class=\"elementor-column elementor-col-100 elementor-top-column elementor-element elementor-element-99bc7d1\" data-id=\"99bc7d1\" data-element_type=\"column\" data-e-type=\"column\" data-settings=\"{&quot;background_background&quot;:&quot;classic&quot;}\">\n\t\t\t<div class=\"elementor-widget-wrap elementor-element-populated\">\n\t\t\t\t\t\t<div class=\"elementor-element elementor-element-d46fd09 elementor-widget elementor-widget-heading\" data-id=\"d46fd09\" data-element_type=\"widget\" data-e-type=\"widget\" data-widget_type=\"heading.default\">\n\t\t\t\t<div class=\"elementor-widget-container\">\n\t\t\t\t\t<h4 class=\"elementor-heading-title elementor-size-default\">M\u00e9nage<\/h4>\t\t\t\t<\/div>\n\t\t\t\t<\/div>\n\t\t\t\t\t<\/div>\n\t\t<\/div>\n\t\t\t\t\t<\/div>\n\t\t<\/section>\n\t\t\t\t<section class=\"elementor-section elementor-top-section elementor-element elementor-element-580fe8f elementor-section-boxed elementor-section-height-default elementor-section-height-default\" data-id=\"580fe8f\" data-element_type=\"section\" data-e-type=\"section\">\n\t\t\t\t\t\t<div class=\"elementor-container elementor-column-gap-default\">\n\t\t\t\t\t<div class=\"elementor-column elementor-col-100 elementor-top-column elementor-element elementor-element-d0bcd0f\" data-id=\"d0bcd0f\" data-element_type=\"column\" data-e-type=\"column\">\n\t\t\t<div class=\"elementor-widget-wrap elementor-element-populated\">\n\t\t\t\t\t\t<div class=\"elementor-element elementor-element-0fc0f90 elementor-widget elementor-widget-heading\" data-id=\"0fc0f90\" data-element_type=\"widget\" data-e-type=\"widget\" data-widget_type=\"heading.default\">\n\t\t\t\t<div class=\"elementor-widget-container\">\n\t\t\t\t\t<h3 class=\"elementor-heading-title elementor-size-default\">Composez le 0 pour le service de nettoyage du week-end<\/h3>\t\t\t\t<\/div>\n\t\t\t\t<\/div>\n\t\t\t\t<div class=\"elementor-element elementor-element-206427f elementor-widget elementor-widget-text-editor\" data-id=\"206427f\" data-element_type=\"widget\" data-e-type=\"widget\" data-widget_type=\"text-editor.default\">\n\t\t\t\t<div class=\"elementor-widget-container\">\n\t\t\t\t\t\t\t\t\t<p>Au Hampton Inn and Suites, nous souhaitons garder votre suite propre, mais nous voulons aussi garder l&rsquo;environnement propre. Nous avons donc adopt\u00e9 ce que nous croyons \u00eatre une approche raisonnable et sensible du m\u00e9nage, une approche qui vous permettra de vous sentir \u00e0 l&rsquo;aise en tant que client de notre h\u00f4tel et en tant que r\u00e9sident de notre plan\u00e8te. Notre programme comprend des journ\u00e9es Light Touch et des journ\u00e9es Full Clean.<\/p><p>Full Clean \u2013 Le rafra\u00eechissement complet\u00a0!<br \/>Les services Full Clean ont lieu tous les 5 jours de votre s\u00e9jour. Y compris les week-ends. Et, bien s\u00fbr, nous effectuons un nettoyage complet entre les s\u00e9jours des clients.<\/p><p>\u2022 Lit fait avec des draps propres<br \/>\u2022 Poubelles vid\u00e9es<br \/>\u2022 Lave-vaisselle en marche<br \/>\u2022 Salle de bain d\u00e9sinfect\u00e9e<br \/>\u2022 Serviettes usag\u00e9es remplac\u00e9es<br \/>\u2022 Recyclage collect\u00e9<br \/>\u2022 Serviettes en papier remplac\u00e9es<br \/>\u2022 Articles de toilette essentiels remplac\u00e9s<br \/>\u2022 Caf\u00e9 et th\u00e9 r\u00e9approvisionn\u00e9s<\/p><p>Light Touch \u2013 Le balayage et le nettoyage de base<br \/>Les services Light Touch auront lieu tous les jours de la semaine de votre s\u00e9jour, sauf lorsqu&rsquo;un nettoyage complet est pr\u00e9vu. Le week-end, le m\u00e9nage Light Touch n&rsquo;est disponible qu&rsquo;en composant le 0 pour en faire la demande.<\/p><p>\u2022 Zones \u00e0 fort trafic aspir\u00e9es<br \/>\u2022 Lit fait (pas de changement de draps)<br \/>\u2022 Poubelles vid\u00e9es<br \/>\u2022 Lave-vaisselle en marche (si plein)<br \/>\u2022 Serviettes laiss\u00e9es sur le sol remplac\u00e9es<br \/>\u2022 Recyclage collect\u00e9<br \/>\u2022 Caf\u00e9 et th\u00e9 r\u00e9approvisionn\u00e9s<\/p>\t\t\t\t\t\t\t\t<\/div>\n\t\t\t\t<\/div>\n\t\t\t\t\t<\/div>\n\t\t<\/div>\n\t\t\t\t\t<\/div>\n\t\t<\/section>\n\t\t\t\t<\/div>\n\t\t","protected":false},"excerpt":{"rendered":"<p>M\u00e9nage Composez le 0 pour le service de nettoyage du week-end Au Hampton Inn and Suites, nous souhaitons garder votre suite propre, mais nous voulons aussi garder l&rsquo;environnement propre. Nous avons donc adopt\u00e9 ce que nous croyons \u00eatre une approche raisonnable et sensible du m\u00e9nage, une approche qui vous permettra de vous sentir \u00e0 l&rsquo;aise [&hellip;]<\/p>\n","protected":false},"author":22,"featured_media":0,"parent":0,"menu_order":0,"comment_status":"closed","ping_status":"closed","template":"","meta":{"_mi_skip_tracking":false,"site-sidebar-layout":"no-sidebar","site-content-layout":"page-builder","ast-site-content-layout":"full-width-container","site-content-style":"boxed","site-sidebar-style":"boxed","ast-global-header-display":"","ast-banner-title-visibility":"","ast-main-header-display":"","ast-hfb-above-header-display":"","ast-hfb-below-header-display":"","ast-hfb-mobile-header-display":"","site-post-title":"disabled","ast-breadcrumbs-content":"","ast-featured-img":"disabled","footer-sml-layout":"","ast-disable-related-posts":"","theme-transparent-header-meta":"default","adv-header-id-meta":"","stick-header-meta":"","header-above-stick-meta":"","header-main-stick-meta":"","header-below-stick-meta":"","astra-migrate-meta-layouts":"set","ast-page-background-enabled":"default","ast-page-background-meta":{"desktop":{"background-color":"var(--ast-global-color-4)","background-image":"","background-repeat":"repeat","background-position":"center center","background-size":"auto","background-attachment":"scroll","background-type":"","background-media":"","overlay-type":"","overlay-color":"","overlay-opacity":"","overlay-gradient":""},"tablet":{"background-color":"","background-image":"","background-repeat":"repeat","background-position":"center center","background-size":"auto","background-attachment":"scroll","background-type":"","background-media":"","overlay-type":"","overlay-color":"","overlay-opacity":"","overlay-gradient":""},"mobile":{"background-color":"","background-image":"","background-repeat":"repeat","background-position":"center center","background-size":"auto","background-attachment":"scroll","background-type":"","background-media":"","overlay-type":"","overlay-color":"","overlay-opacity":"","overlay-gradient":""}},"ast-content-background-meta":{"desktop":{"background-color":"var(--ast-global-color-5)","background-image":"","background-repeat":"repeat","background-position":"center center","background-size":"auto","background-attachment":"scroll","background-type":"","background-media":"","overlay-type":"","overlay-color":"","overlay-opacity":"","overlay-gradient":""},"tablet":{"background-color":"var(--ast-global-color-5)","background-image":"","background-repeat":"repeat","background-position":"center center","background-size":"auto","background-attachment":"scroll","background-type":"","background-media":"","overlay-type":"","overlay-color":"","overlay-opacity":"","overlay-gradient":""},"mobile":{"background-color":"var(--ast-global-color-5)","background-image":"","background-repeat":"repeat","background-position":"center center","background-size":"auto","background-attachment":"scroll","background-type":"","background-media":"","overlay-type":"","overlay-color":"","overlay-opacity":"","overlay-gradient":""}},"footnotes":""},"class_list":["post-4736","page","type-page","status-publish","hentry"],"_links":{"self":[{"href":"https:\/\/hamptoninnsuitesdorval.gmtpdigital.ca\/fr\/wp-json\/wp\/v2\/pages\/4736","targetHints":{"allow":["GET"]}}],"collection":[{"href":"https:\/\/hamptoninnsuitesdorval.gmtpdigital.ca\/fr\/wp-json\/wp\/v2\/pages"}],"about":[{"href":"https:\/\/hamptoninnsuitesdorval.gmtpdigital.ca\/fr\/wp-json\/wp\/v2\/types\/page"}],"author":[{"embeddable":true,"href":"https:\/\/hamptoninnsuitesdorval.gmtpdigital.ca\/fr\/wp-json\/wp\/v2\/users\/22"}],"replies":[{"embeddable":true,"href":"https:\/\/hamptoninnsuitesdorval.gmtpdigital.ca\/fr\/wp-json\/wp\/v2\/comments?post=4736"}],"version-history":[{"count":7,"href":"https:\/\/hamptoninnsuitesdorval.gmtpdigital.ca\/fr\/wp-json\/wp\/v2\/pages\/4736\/revisions"}],"predecessor-version":[{"id":4891,"href":"https:\/\/hamptoninnsuitesdorval.gmtpdigital.ca\/fr\/wp-json\/wp\/v2\/pages\/4736\/revisions\/4891"}],"wp:attachment":[{"href":"https:\/\/hamptoninnsuitesdorval.gmtpdigital.ca\/fr\/wp-json\/wp\/v2\/media?parent=4736"}],"curies":[{"name":"wp","href":"https:\/\/api.w.org\/{rel}","templated":true}]}}